{"id":6,"date":"2025-12-23T15:49:03","date_gmt":"2025-12-23T15:49:03","guid":{"rendered":"http:\/\/verrieresenlumiere.fr\/?page_id=6"},"modified":"2026-03-17T18:38:28","modified_gmt":"2026-03-17T18:38:28","slug":"brouillon","status":"publish","type":"page","link":"https:\/\/verrieresenlumiere.fr\/","title":{"rendered":"Accueil"},"content":{"rendered":"\n<div class=\"wp-block-cover alignfull is-light has-border-color has-custom-color-2-color has-text-color wp-elements-b50ba1fb6d3d4b0f236505a3396b21db\" style=\"border-color:var(--ast-global-color-4);border-top-left-radius:0px;border-top-right-radius:0px;border-bottom-left-radius:0px;border-bottom-right-radius:0px;margin-top:0px;margin-bottom:0px;padding-top:42px;padding-right:20px;padding-bottom:42px;padding-left:20px;min-height:560px;aspect-ratio:unset;\"><img loading=\"lazy\" decoding=\"async\" width=\"1024\" height=\"683\" class=\"wp-block-cover__image-background wp-image-259 size-large\" alt=\"\" src=\"https:\/\/verrieresenlumiere.fr\/wp-content\/uploads\/2026\/01\/ChatGPT-Image-11-janv.-2026-19_04_15-1024x683.png\" style=\"object-position:52% 100%\" data-object-fit=\"cover\" data-object-position=\"52% 100%\" srcset=\"https:\/\/verrieresenlumiere.fr\/wp-content\/uploads\/2026\/01\/ChatGPT-Image-11-janv.-2026-19_04_15-1024x683.png 1024w, https:\/\/verrieresenlumiere.fr\/wp-content\/uploads\/2026\/01\/ChatGPT-Image-11-janv.-2026-19_04_15-300x200.png 300w, https:\/\/verrieresenlumiere.fr\/wp-content\/uploads\/2026\/01\/ChatGPT-Image-11-janv.-2026-19_04_15-768x512.png 768w, https:\/\/verrieresenlumiere.fr\/wp-content\/uploads\/2026\/01\/ChatGPT-Image-11-janv.-2026-19_04_15-24x16.png 24w, https:\/\/verrieresenlumiere.fr\/wp-content\/uploads\/2026\/01\/ChatGPT-Image-11-janv.-2026-19_04_15-36x24.png 36w, https:\/\/verrieresenlumiere.fr\/wp-content\/uploads\/2026\/01\/ChatGPT-Image-11-janv.-2026-19_04_15-48x32.png 48w, https:\/\/verrieresenlumiere.fr\/wp-content\/uploads\/2026\/01\/ChatGPT-Image-11-janv.-2026-19_04_15.png 1536w\" sizes=\"auto, (max-width: 1024px) 100vw, 1024px\" \/><span aria-hidden=\"true\" class=\"wp-block-cover__background has-background-dim-0 has-background-dim\" style=\"background-color:#f5f8f5\"><\/span><div class=\"wp-block-cover__inner-container is-layout-flow wp-block-cover-is-layout-flow\">\n<figure class=\"wp-block-image aligncenter size-full is-resized has-custom-border is-style-rounded wp-duotone-unset-1\" style=\"margin-right:0;margin-left:0\"><img loading=\"lazy\" decoding=\"async\" width=\"1028\" height=\"741\" src=\"http:\/\/verrieresenlumiere.fr\/wp-content\/uploads\/2026\/01\/VEL.png\" alt=\"Verri\u00e8res en lumi\u00e8re\" class=\"wp-image-233\" style=\"border-style:none;border-width:0px;border-top-left-radius:100px;border-top-right-radius:100px;border-bottom-left-radius:100px;border-bottom-right-radius:100px;aspect-ratio:1.3873208490337192;width:769px;height:auto\" srcset=\"https:\/\/verrieresenlumiere.fr\/wp-content\/uploads\/2026\/01\/VEL.png 1028w, https:\/\/verrieresenlumiere.fr\/wp-content\/uploads\/2026\/01\/VEL-300x216.png 300w, https:\/\/verrieresenlumiere.fr\/wp-content\/uploads\/2026\/01\/VEL-1024x738.png 1024w, https:\/\/verrieresenlumiere.fr\/wp-content\/uploads\/2026\/01\/VEL-768x554.png 768w, https:\/\/verrieresenlumiere.fr\/wp-content\/uploads\/2026\/01\/VEL-24x17.png 24w, https:\/\/verrieresenlumiere.fr\/wp-content\/uploads\/2026\/01\/VEL-36x26.png 36w, https:\/\/verrieresenlumiere.fr\/wp-content\/uploads\/2026\/01\/VEL-48x35.png 48w\" sizes=\"auto, (max-width: 1028px) 100vw, 1028px\" \/><\/figure>\n<\/div><\/div>\n\n\n\n<div class=\"wp-block-group alignfull has-background is-layout-flow wp-block-group-is-layout-flow\" style=\"background-color:#f6f8f5;margin-top:0;margin-bottom:0;padding-top:0;padding-right:0;padding-bottom:0;padding-left:0\">\n<div class=\"wp-block-group has-background is-layout-constrained wp-container-core-group-is-layout-f0de0af4 wp-block-group-is-layout-constrained\" style=\"background-color:#ededed;margin-top:0;margin-bottom:0;padding-top:var(--wp--preset--spacing--60);padding-right:0;padding-bottom:var(--wp--preset--spacing--60);padding-left:0\">\n<p class=\"has-text-align-center has-text-color has-background has-link-color wp-elements-55db94b2a670a7a189bbb476240aca1a\" style=\"color:#768667;background-color:#ededed;margin-right:0;margin-left:0;padding-right:var(--wp--preset--spacing--20);padding-left:var(--wp--preset--spacing--20)\">Toute l\u2019\u00e9quipe de <strong>Verri\u00e8res en Lumi\u00e8re<\/strong> tient \u00e0 remercier du fond du c\u0153ur les <strong>1301 \u00e9lecteurs<\/strong> qui nous ont accord\u00e9 leur confiance et leur soutien.<\/p>\n\n\n\n<p class=\"has-text-align-center has-text-color has-background has-link-color wp-elements-88751c7a103fa126702bb5744b24c8b9\" style=\"color:#768667;background-color:#ededed;margin-right:0;margin-left:0;padding-right:var(--wp--preset--spacing--20);padding-left:var(--wp--preset--spacing--20)\"> Nous adressons \u00e9galement notre reconnaissance aux agents communaux pour leur implication tout au long de cette journ\u00e9e \u00e9lectorale. Un immense merci enfin \u00e0 chaque membre de notre \u00e9quipe pour son engagement constant, son \u00e9nergie et sa d\u00e9termination. <\/p>\n\n\n\n<p class=\"has-text-align-center has-text-color has-background has-link-color wp-elements-fdc14b939075c61568c5aabf43b8ada1\" style=\"color:#768667;background-color:#ededed;margin-right:0;margin-left:0;padding-right:var(--wp--preset--spacing--20);padding-left:var(--wp--preset--spacing--20)\">Cet esprit continuera de nous guider, toujours au service des habitants de Verri\u00e8res. Nous vous donnons rendez-vous ce <strong>samedi \u00e0 11 h, au Relais culturel, <\/strong>pour l\u2019installation du conseil municipal, o\u00f9 <strong>cinq membres de notre \u00e9quipe<\/strong> auront l\u2019honneur de si\u00e9ger.<\/p>\n<\/div>\n<\/div>\n\n\n\n<div class=\"wp-block-cover alignfull is-light has-border-color has-custom-color-2-color has-text-color wp-elements-cbd5e4d05e9cb243c63f55506e07d19f\" style=\"border-color:var(--ast-global-color-4);border-top-left-radius:0px;border-top-right-radius:0px;border-bottom-left-radius:0px;border-bottom-right-radius:0px;margin-top:0px;margin-bottom:0px;padding-top:0px;padding-right:20px;padding-bottom:0px;padding-left:20px\"><span aria-hidden=\"true\" class=\"wp-block-cover__background has-ast-global-color-4-background-color has-background-dim-0 has-background-dim\"><\/span><div class=\"wp-block-cover__inner-container is-layout-constrained wp-container-core-cover-is-layout-ff6de5f2 wp-block-cover-is-layout-constrained\">\n<h2 class=\"wp-block-heading has-text-align-center has-text-color\" style=\"color:#536942;margin-top:0px;margin-right:0px;margin-bottom:16px;margin-left:0px;font-size:44px;font-style:normal;font-weight:400;line-height:1.2\">Symbole de&#8230;<\/h2>\n\n\n\n<hr class=\"wp-block-separator has-text-color has-alpha-channel-opacity has-background\" style=\"margin-top:0px;margin-bottom:0px;background-color:#ffd835;color:#ffd835\"\/>\n\n\n\n<div class=\"wp-block-columns is-layout-flex wp-container-core-columns-is-layout-13e94aa7 wp-block-columns-is-layout-flex\">\n<div class=\"wp-block-column is-layout-flow wp-container-core-column-is-layout-e5b5584b wp-block-column-is-layout-flow\" style=\"padding-top:0;padding-right:0;padding-bottom:0;padding-left:0\">\n<h4 class=\"wp-block-heading has-text-align-center has-text-color\" style=\"color:#536942;margin-top:1.75rem;font-size:22px;font-style:normal;font-weight:400\"><strong>Humanisme et s\u00e9curit\u00e9<\/strong><\/h4>\n\n\n\n<p class=\"has-text-align-center has-text-color\" style=\"color:#768667;font-size:16px\">avec le souhait d&rsquo;accompagner<br>l\u2019ensemble de la population, quel que soit son \u00e2ge et ses besoins.<\/p>\n\n\n\n<p class=\"has-text-align-center has-text-color\" style=\"color:#768667;font-size:16px\"><\/p>\n<\/div>\n\n\n\n<div class=\"wp-block-column is-layout-flow wp-container-core-column-is-layout-fe0e2ea3 wp-block-column-is-layout-flow\">\n<h4 class=\"wp-block-heading has-text-align-center has-text-color\" style=\"color:#536942;margin-top:1.75rem;font-size:22px;font-style:normal;font-weight:400\"><strong>Positivisme, dynamisme et avenir<\/strong><\/h4>\n\n\n\n<p class=\"has-text-align-center has-text-color\" style=\"color:#768667;font-size:16px\">avec l\u2019envie<br>de faire rayonner nos actions, celles de nos concitoyens, de<br>nos entreprises et de nos associations.<\/p>\n<\/div>\n\n\n\n<div class=\"wp-block-column is-layout-flow wp-container-core-column-is-layout-fe0e2ea3 wp-block-column-is-layout-flow\">\n<h4 class=\"wp-block-heading has-text-align-center has-text-color\" style=\"color:#536942;margin-top:1.75rem;font-size:22px;font-style:normal;font-weight:400\"><strong>Transparence <\/strong><\/h4>\n\n\n\n<p class=\"has-text-align-center has-text-color\" style=\"color:#768667;font-size:16px\">\u00e9voquant ainsi l\u2019envie d\u2019une gouvernance lisible, avec<br>une gestion s\u00e9rieuse et rigoureuse des finances de la commune et de l\u2019imposition des Verrois.<\/p>\n<\/div>\n\n\n\n<div class=\"wp-block-column is-layout-flow wp-container-core-column-is-layout-da1d6529 wp-block-column-is-layout-flow\">\n<h4 class=\"wp-block-heading has-text-align-center has-text-color\" style=\"color:#536942;margin-top:1.75rem;font-size:22px;font-style:normal;font-weight:400\"><strong><strong>Mise en valeur de notre territoire<\/strong><\/strong><\/h4>\n\n\n\n<p class=\"has-text-align-center has-text-color\" style=\"color:#768667;font-size:16px\">Favoriser le bien vivre \u00e0 VERRIERES-EN-ANJOU et tous les projets permettant la sauvegarde de nos espaces verts, de notre<br>ruralit\u00e9 et de notre environnement. <\/p>\n<\/div>\n\n\n\n<div class=\"wp-block-column is-layout-flow wp-container-core-column-is-layout-fe0e2ea3 wp-block-column-is-layout-flow\">\n<h4 class=\"wp-block-heading has-text-align-center has-text-color\" style=\"color:#536942;margin-top:1.75rem;font-size:22px;font-style:normal;font-weight:400\"><strong>I<strong>nnovation et de la transition \u00e9cologique<\/strong><\/strong><\/h4>\n\n\n\n<p class=\"has-text-align-center has-text-color\" style=\"color:#5f6e4d;margin-bottom:0rem;font-size:16px\">Aller<br>vers une commune durable.<\/p>\n<\/div>\n<\/div>\n<\/div><\/div>\n\n\n\n<div class=\"wp-block-group alignfull has-border-color has-ast-global-color-4-border-color has-ast-global-color-4-background-color has-background is-layout-constrained wp-container-core-group-is-layout-247d17b1 wp-block-group-is-layout-constrained\" style=\"margin-top:0px;margin-bottom:0px;padding-top:0px;padding-right:20px;padding-bottom:0px;padding-left:20px\">\n<div class=\"wp-block-columns alignwide is-layout-flex wp-container-core-columns-is-layout-8e3aed5f wp-block-columns-is-layout-flex\" style=\"border-style:none;border-width:0px;margin-top:0px;margin-bottom:0px;padding-top:0px;padding-right:30px;padding-bottom:0px;padding-left:30px\">\n<div class=\"wp-block-column is-vertically-aligned-center is-layout-flow wp-container-core-column-is-layout-abe5317a wp-block-column-is-layout-flow\" style=\"padding-top:0px;padding-right:0px;padding-bottom:40px;padding-left:0px\">\n<figure class=\"wp-block-image size-full\"><img decoding=\"async\" src=\"http:\/\/verrieresenlumiere.fr\/wp-content\/uploads\/2026\/01\/05062025-IMG_0842-1.jpg\" alt=\"\" class=\"wp-image-271\"\/><\/figure>\n\n\n\n<div style=\"height:47px\" aria-hidden=\"true\" class=\"wp-block-spacer\"><\/div>\n\n\n\n<h2 class=\"wp-block-heading has-text-align-center has-text-color has-inter-font-family\" style=\"color:#536942;margin-top:0;margin-bottom:36px;font-size:40px;font-style:normal;font-weight:400\">Unis par la Convivialit\u00e9 et l\u02bcEngagement pour tous les Verrois !<\/h2>\n\n\n\n<p class=\"has-text-color\" style=\"color:#5f6e4d;margin-bottom:2.75rem;font-size:16px\">Nous croyons en une commune o\u00f9 chaque Verrois se sent chez lui. Nos valeurs reposent sur la convivialit\u00e9, l\u02bcinclusion et l\u02bcengagement. Ensemble, nous tissons des liens forts, c\u00e9l\u00e9brons notre culture et cr\u00e9ons des moments de joie partag\u00e9e pour tous les \u00e2ges et tous les quartiers.<\/p>\n\n\n\n<p class=\"has-text-color has-link-color wp-elements-3667deaed84d4cb8e5584ca297990d97\" style=\"color:#5f6e4d;font-size:16px\">\u00ab Verri\u00e8res en Lumi\u00e8re \u00bb, c\u2019est une \u00e9quipe renouvel\u00e9e, de terrain, apolitique et mod\u00e9r\u00e9e, constitu\u00e9e de 34 Verrois de profils vari\u00e9s et professions diverses, repr\u00e9sentatifs de notre commune et pr\u00eats \u00e0 s\u2019investir. Elle est constitu\u00e9e de 12 Pellouaillais et 22 Sylvanais, refl\u00e9tant la population de chaque quartier, de 17 hommes et 17 femmes avec un \u00e2ge m\u00e9dian de 52 ans. <\/p>\n\n\n\n<p class=\"has-text-color has-link-color wp-elements-27c16e302ddad4887405ccf2c58e8c10\" style=\"color:#5f6e4d;font-size:16px\">M\u00e9lanie RENOU en t\u00eate de liste, entour\u00e9e de Patrick LE MARREC, <em>Pellouailles-les-Vignes<\/em>, et Jean CARTEAU, <em>Saint-Sylvain-d\u2019Anjou<\/em>, pour \u00eatre au plus proche de vous, \u00e0 <strong>Verri\u00e8res-en-Anjou<\/strong>. <\/p>\n<\/div>\n<\/div>\n<\/div>\n\n\n\n<div class=\"wp-block-cover alignfull is-light has-custom-color-2-color has-text-color\" style=\"margin-top:0;margin-bottom:0;padding-top:0px;padding-right:20px;padding-bottom:0px;padding-left:20px;min-height:308px;aspect-ratio:unset;\"><span aria-hidden=\"true\" class=\"wp-block-cover__background has-background-dim-100 has-background-dim\" style=\"background-color:#f6f8f5\"><\/span><div class=\"wp-block-cover__inner-container is-layout-constrained wp-container-core-cover-is-layout-e040150a wp-block-cover-is-layout-constrained\">\n<div class=\"wp-block-group is-layout-constrained wp-block-group-is-layout-constrained\">\n<h2 class=\"wp-block-heading has-text-align-center has-text-color\" style=\"color:#536942;font-size:54px;font-style:normal;font-weight:400;letter-spacing:-2px;line-height:1.2\">Des interrogations ?<\/h2>\n\n\n\n<p class=\"has-text-align-center has-text-color\" style=\"color:#768667;margin-bottom:2.5rem;font-size:17px;font-style:normal;font-weight:400;line-height:1.9\">Envoyez-nous vos questions en cliquant sur le lien ci-dessous :<\/p>\n\n\n<nav style=\"color: #1d4f1b;\" class=\"has-text-color is-responsive items-justified-center wp-block-navigation is-content-justification-center is-layout-flex wp-container-core-navigation-is-layout-a89b3969 wp-block-navigation-is-layout-flex\" aria-label=\"Navigation\" \n\t\t data-wp-interactive=\"core\/navigation\" data-wp-context='{\"overlayOpenedBy\":{\"click\":false,\"hover\":false,\"focus\":false},\"type\":\"overlay\",\"roleAttribute\":\"\",\"ariaLabel\":\"Menu\"}'><button aria-haspopup=\"dialog\" aria-label=\"Ouvrir le menu\" class=\"wp-block-navigation__responsive-container-open\" \n\t\t\t\tdata-wp-on--click=\"actions.openMenuOnClick\"\n\t\t\t\tdata-wp-on--keydown=\"actions.handleMenuKeydown\"\n\t\t\t><svg width=\"24\" height=\"24\" xmlns=\"http:\/\/www.w3.org\/2000\/svg\" viewBox=\"0 0 24 24\" aria-hidden=\"true\" focusable=\"false\"><path d=\"M4 7.5h16v1.5H4z\"><\/path><path d=\"M4 15h16v1.5H4z\"><\/path><\/svg><\/button>\n\t\t\t\t<div class=\"wp-block-navigation__responsive-container\"  id=\"modal-2\" \n\t\t\t\tdata-wp-class--has-modal-open=\"state.isMenuOpen\"\n\t\t\t\tdata-wp-class--is-menu-open=\"state.isMenuOpen\"\n\t\t\t\tdata-wp-watch=\"callbacks.initMenu\"\n\t\t\t\tdata-wp-on--keydown=\"actions.handleMenuKeydown\"\n\t\t\t\tdata-wp-on--focusout=\"actions.handleMenuFocusout\"\n\t\t\t\ttabindex=\"-1\"\n\t\t\t>\n\t\t\t\t\t<div class=\"wp-block-navigation__responsive-close\" tabindex=\"-1\">\n\t\t\t\t\t\t<div class=\"wp-block-navigation__responsive-dialog\" \n\t\t\t\tdata-wp-bind--aria-modal=\"state.ariaModal\"\n\t\t\t\tdata-wp-bind--aria-label=\"state.ariaLabel\"\n\t\t\t\tdata-wp-bind--role=\"state.roleAttribute\"\n\t\t\t>\n\t\t\t\t\t\t\t<button aria-label=\"Fermer le menu\" class=\"wp-block-navigation__responsive-container-close\" \n\t\t\t\tdata-wp-on--click=\"actions.closeMenuOnClick\"\n\t\t\t><svg xmlns=\"http:\/\/www.w3.org\/2000\/svg\" viewBox=\"0 0 24 24\" width=\"24\" height=\"24\" aria-hidden=\"true\" focusable=\"false\"><path d=\"m13.06 12 6.47-6.47-1.06-1.06L12 10.94 5.53 4.47 4.47 5.53 10.94 12l-6.47 6.47 1.06 1.06L12 13.06l6.47 6.47 1.06-1.06L13.06 12Z\"><\/path><\/svg><\/button>\n\t\t\t\t\t\t\t<div class=\"wp-block-navigation__responsive-container-content\" \n\t\t\t\tdata-wp-watch=\"callbacks.focusFirstElement\"\n\t\t\t id=\"modal-2-content\">\n\t\t\t\t\t\t\t\t<ul style=\"color: #1d4f1b;\" class=\"wp-block-navigation__container has-text-color is-responsive items-justified-center wp-block-navigation\"><li class=\" wp-block-navigation-item wp-block-navigation-link has-large-font-size\"><a class=\"wp-block-navigation-item__content\"  href=\"https:\/\/verrieresenlumiere.fr\/index.php\/contact\/\"><span class=\"wp-block-navigation-item__label\">Contact<\/span><\/a><\/li><\/ul>\n\t\t\t\t\t\t\t<\/div>\n\t\t\t\t\t\t<\/div>\n\t\t\t\t\t<\/div>\n\t\t\t\t<\/div><\/nav><\/div>\n<\/div><\/div>\n","protected":false},"excerpt":{"rendered":"<p>Toute l\u2019\u00e9quipe de Verri\u00e8res en Lumi\u00e8re tient \u00e0 remercier du fond du c\u0153ur les 1301 \u00e9lecteurs qui nous ont accord\u00e9 [&hellip;]<\/p>\n","protected":false},"author":1,"featured_media":0,"parent":0,"menu_order":0,"comment_status":"closed","ping_status":"closed","template":"","meta":{"site-sidebar-layout":"default","site-content-layout":"","ast-site-content-layout":"default","site-content-style":"default","site-sidebar-style":"default","ast-global-header-display":"","ast-banner-title-visibility":"","ast-main-header-display":"","ast-hfb-above-header-display":"","ast-hfb-below-header-display":"","ast-hfb-mobile-header-display":"","site-post-title":"disabled","ast-breadcrumbs-content":"","ast-featured-img":"","footer-sml-layout":"","ast-disable-related-posts":"","theme-transparent-header-meta":"","adv-header-id-meta":"","stick-header-meta":"","header-above-stick-meta":"","header-main-stick-meta":"","header-below-stick-meta":"","astra-migrate-meta-layouts":"default","ast-page-background-enabled":"default","ast-page-background-meta":{"desktop":{"background-color":"var(--ast-global-color-5)","background-image":"","background-repeat":"repeat","background-position":"center center","background-size":"auto","background-attachment":"scroll","background-type":"","background-media":"","overlay-type":"","overlay-color":"","overlay-opacity":"","overlay-gradient":""},"tablet":{"background-color":"","background-image":"","background-repeat":"repeat","background-position":"center center","background-size":"auto","background-attachment":"scroll","background-type":"","background-media":"","overlay-type":"","overlay-color":"","overlay-opacity":"","overlay-gradient":""},"mobile":{"background-color":"","background-image":"","background-repeat":"repeat","background-position":"center center","background-size":"auto","background-attachment":"scroll","background-type":"","background-media":"","overlay-type":"","overlay-color":"","overlay-opacity":"","overlay-gradient":""}},"ast-content-background-meta":{"desktop":{"background-color":"var(--ast-global-color-4)","background-image":"","background-repeat":"repeat","background-position":"center center","background-size":"auto","background-attachment":"scroll","background-type":"","background-media":"","overlay-type":"","overlay-color":"","overlay-opacity":"","overlay-gradient":""},"tablet":{"background-color":"var(--ast-global-color-4)","background-image":"","background-repeat":"repeat","background-position":"center center","background-size":"auto","background-attachment":"scroll","background-type":"","background-media":"","overlay-type":"","overlay-color":"","overlay-opacity":"","overlay-gradient":""},"mobile":{"background-color":"var(--ast-global-color-4)","background-image":"","background-repeat":"repeat","background-position":"center center","background-size":"auto","background-attachment":"scroll","background-type":"","background-media":"","overlay-type":"","overlay-color":"","overlay-opacity":"","overlay-gradient":""}},"footnotes":""},"class_list":["post-6","page","type-page","status-publish","hentry"],"_links":{"self":[{"href":"https:\/\/verrieresenlumiere.fr\/index.php\/wp-json\/wp\/v2\/pages\/6","targetHints":{"allow":["GET"]}}],"collection":[{"href":"https:\/\/verrieresenlumiere.fr\/index.php\/wp-json\/wp\/v2\/pages"}],"about":[{"href":"https:\/\/verrieresenlumiere.fr\/index.php\/wp-json\/wp\/v2\/types\/page"}],"author":[{"embeddable":true,"href":"https:\/\/verrieresenlumiere.fr\/index.php\/wp-json\/wp\/v2\/users\/1"}],"replies":[{"embeddable":true,"href":"https:\/\/verrieresenlumiere.fr\/index.php\/wp-json\/wp\/v2\/comments?post=6"}],"version-history":[{"count":108,"href":"https:\/\/verrieresenlumiere.fr\/index.php\/wp-json\/wp\/v2\/pages\/6\/revisions"}],"predecessor-version":[{"id":801,"href":"https:\/\/verrieresenlumiere.fr\/index.php\/wp-json\/wp\/v2\/pages\/6\/revisions\/801"}],"wp:attachment":[{"href":"https:\/\/verrieresenlumiere.fr\/index.php\/wp-json\/wp\/v2\/media?parent=6"}],"curies":[{"name":"wp","href":"https:\/\/api.w.org\/{rel}","templated":true}]}}