{"id":522,"date":"2026-01-15T11:42:01","date_gmt":"2026-01-15T11:42:01","guid":{"rendered":"https:\/\/verrieresenlumiere.fr\/?page_id=522"},"modified":"2026-01-15T22:05:34","modified_gmt":"2026-01-15T22:05:34","slug":"mentions","status":"publish","type":"page","link":"https:\/\/verrieresenlumiere.fr\/index.php\/mentions\/","title":{"rendered":"Mentions"},"content":{"rendered":"\n<div class=\"wp-block-cover alignfull is-light\" style=\"min-height:265px;aspect-ratio:unset;\"><img loading=\"lazy\" decoding=\"async\" width=\"1280\" height=\"720\" class=\"wp-block-cover__image-background wp-image-168 size-full\" alt=\"\" src=\"http:\/\/verrieresenlumiere.fr\/wp-content\/uploads\/2026\/01\/Presentation1.jpg\" data-object-fit=\"cover\" srcset=\"https:\/\/verrieresenlumiere.fr\/wp-content\/uploads\/2026\/01\/Presentation1.jpg 1280w, https:\/\/verrieresenlumiere.fr\/wp-content\/uploads\/2026\/01\/Presentation1-300x169.jpg 300w, https:\/\/verrieresenlumiere.fr\/wp-content\/uploads\/2026\/01\/Presentation1-1024x576.jpg 1024w, https:\/\/verrieresenlumiere.fr\/wp-content\/uploads\/2026\/01\/Presentation1-768x432.jpg 768w, https:\/\/verrieresenlumiere.fr\/wp-content\/uploads\/2026\/01\/Presentation1-24x14.jpg 24w, https:\/\/verrieresenlumiere.fr\/wp-content\/uploads\/2026\/01\/Presentation1-36x20.jpg 36w, https:\/\/verrieresenlumiere.fr\/wp-content\/uploads\/2026\/01\/Presentation1-48x27.jpg 48w\" sizes=\"auto, (max-width: 1280px) 100vw, 1280px\" \/><span aria-hidden=\"true\" class=\"wp-block-cover__background has-ast-global-color-4-background-color has-background-dim-0 has-background-dim\"><\/span><div class=\"wp-block-cover__inner-container is-layout-constrained wp-container-core-cover-is-layout-930014c6 wp-block-cover-is-layout-constrained\">\n<div class=\"wp-block-group is-nowrap is-layout-flex wp-container-core-group-is-layout-6c531013 wp-block-group-is-layout-flex\">\n<h2 class=\"wp-block-heading has-text-align-center has-text-color has-link-color has-cormorant-font-family wp-elements-9a55bca8c17236a8ecd40856c391b601 wp-container-content-ed21fa02\" style=\"color:#5f6e4d;font-size:39px;font-style:normal;font-weight:400;text-transform:capitalize\">Le Programme de <\/h2>\n<\/div>\n\n\n\n<figure class=\"wp-block-image aligncenter size-full is-resized has-custom-border is-style-rounded wp-container-content-9cfa9a5a wp-duotone-unset-1\" style=\"margin-right:0;margin-left:0\"><img loading=\"lazy\" decoding=\"async\" width=\"1028\" height=\"741\" src=\"http:\/\/verrieresenlumiere.fr\/wp-content\/uploads\/2026\/01\/VEL.png\" alt=\"Verri\u00e8res en lumi\u00e8re\" class=\"wp-image-233\" style=\"border-style:none;border-width:0px;border-top-left-radius:34px;border-top-right-radius:34px;border-bottom-left-radius:34px;border-bottom-right-radius:34px;aspect-ratio:1.3872937056068737;object-fit:cover;width:323px;height:auto\" srcset=\"https:\/\/verrieresenlumiere.fr\/wp-content\/uploads\/2026\/01\/VEL.png 1028w, https:\/\/verrieresenlumiere.fr\/wp-content\/uploads\/2026\/01\/VEL-300x216.png 300w, https:\/\/verrieresenlumiere.fr\/wp-content\/uploads\/2026\/01\/VEL-1024x738.png 1024w, https:\/\/verrieresenlumiere.fr\/wp-content\/uploads\/2026\/01\/VEL-768x554.png 768w, https:\/\/verrieresenlumiere.fr\/wp-content\/uploads\/2026\/01\/VEL-24x17.png 24w, https:\/\/verrieresenlumiere.fr\/wp-content\/uploads\/2026\/01\/VEL-36x26.png 36w, https:\/\/verrieresenlumiere.fr\/wp-content\/uploads\/2026\/01\/VEL-48x35.png 48w\" sizes=\"auto, (max-width: 1028px) 100vw, 1028px\" \/><\/figure>\n<\/div><\/div>\n\n\n\n<p><strong>Mentions l\u00e9gales<\/strong><\/p>\n\n\n\n<p>Conform\u00e9ment aux dispositions de l\u2019article 6 de la loi n\u00b0 2004-575 du 21 juin 2004 pour la confiance dans l\u2019\u00e9conomie num\u00e9rique, il est pr\u00e9cis\u00e9 aux utilisateurs du site verrieresenlumiere.fr l\u2019identit\u00e9 des diff\u00e9rents intervenants dans le cadre de sa r\u00e9alisation et de son suivi :<\/p>\n\n\n\n<p>\u00c9diteur et responsable de la publication<br>Nom et pr\u00e9nom : M\u00e9lanie Renou<br>Domicile : 48 rue de Fulton, 49100 Angers<br>Email : verri\u00e8resenlumiere@gmail.com<\/p>\n\n\n\n<p>Le responsable de la publication est une personne physique non assujettie aux formalit\u00e9s d\u2019inscription au registre du commerce et des soci\u00e9t\u00e9s ni au r\u00e9pertoire des m\u00e9tiers.<\/p>\n\n\n\n<p>H\u00e9bergeur<br>OVHcloud (SAS)<br>Si\u00e8ge social : 2 rue Kellermann \u2013 59100 Roubaix \u2013 France<br>T\u00e9l\u00e9phone : 1007 (depuis la France) ou <a href=\"tel:+33 9 72 10 10 07\" target=\"_blank\" rel=\"noreferrer noopener\">+33 9 72 10 10 07<\/a> (de l\u2019\u00e9tranger)<br>RCS : Lille M\u00e9tropole B <a href=\"tel:424 761 419\" target=\"_blank\" rel=\"noreferrer noopener\">424 761 419<\/a><br>Site :<\/p>\n\n\n\n<p><strong class=\"\">OVHcloud <\/strong><a href=\"https:\/\/www.ovhcloud.com\/fr\/\" target=\"_blank\" rel=\"noreferrer noopener\">https:\/\/www.ovhcloud.com\/fr\/<\/a><\/p>\n\n\n\n<p><strong>Propri\u00e9t\u00e9 intellectuelle<\/strong><br>L\u2019ensemble des contenus pr\u00e9sents sur le site (textes, photos, logos, vid\u00e9os, etc.) est prot\u00e9g\u00e9 par le droit d\u2019auteur. Toute reproduction, m\u00eame partielle, est interdite sans autorisation pr\u00e9alable \u00e9crite du responsable de la publication, sauf pour un usage strictement personnel et non commercial.<\/p>\n\n\n\n<p><strong>Informations compl\u00e9mentaires<\/strong><br>Ce site est un site de campagne \u00e9lectorale pour les \u00e9lections municipales de mars 2026. Il n\u2019a pas de caract\u00e8re commercial et ne rel\u00e8ve d\u2019aucune activit\u00e9 professionnelle inscrite au RCS ou au RM.<\/p>\n","protected":false},"excerpt":{"rendered":"<p>Mentions l\u00e9gales Conform\u00e9ment aux dispositions de l\u2019article 6 de la loi n\u00b0 2004-575 du 21 juin 2004 pour la confiance [&hellip;]<\/p>\n","protected":false},"author":1,"featured_media":0,"parent":0,"menu_order":0,"comment_status":"closed","ping_status":"closed","template":"","meta":{"site-sidebar-layout":"default","site-content-layout":"","ast-site-content-layout":"default","site-content-style":"default","site-sidebar-style":"default","ast-global-header-display":"","ast-banner-title-visibility":"","ast-main-header-display":"","ast-hfb-above-header-display":"","ast-hfb-below-header-display":"","ast-hfb-mobile-header-display":"","site-post-title":"disabled","ast-breadcrumbs-content":"","ast-featured-img":"","footer-sml-layout":"","ast-disable-related-posts":"","theme-transparent-header-meta":"","adv-header-id-meta":"","stick-header-meta":"","header-above-stick-meta":"","header-main-stick-meta":"","header-below-stick-meta":"","astra-migrate-meta-layouts":"default","ast-page-background-enabled":"default","ast-page-background-meta":{"desktop":{"background-color":"var(--ast-global-color-5)","background-image":"","background-repeat":"repeat","background-position":"center center","background-size":"auto","background-attachment":"scroll","background-type":"","background-media":"","overlay-type":"","overlay-color":"","overlay-opacity":"","overlay-gradient":""},"tablet":{"background-color":"","background-image":"","background-repeat":"repeat","background-position":"center center","background-size":"auto","background-attachment":"scroll","background-type":"","background-media":"","overlay-type":"","overlay-color":"","overlay-opacity":"","overlay-gradient":""},"mobile":{"background-color":"","background-image":"","background-repeat":"repeat","background-position":"center center","background-size":"auto","background-attachment":"scroll","background-type":"","background-media":"","overlay-type":"","overlay-color":"","overlay-opacity":"","overlay-gradient":""}},"ast-content-background-meta":{"desktop":{"background-color":"var(--ast-global-color-4)","background-image":"","background-repeat":"repeat","background-position":"center center","background-size":"auto","background-attachment":"scroll","background-type":"","background-media":"","overlay-type":"","overlay-color":"","overlay-opacity":"","overlay-gradient":""},"tablet":{"background-color":"var(--ast-global-color-4)","background-image":"","background-repeat":"repeat","background-position":"center center","background-size":"auto","background-attachment":"scroll","background-type":"","background-media":"","overlay-type":"","overlay-color":"","overlay-opacity":"","overlay-gradient":""},"mobile":{"background-color":"var(--ast-global-color-4)","background-image":"","background-repeat":"repeat","background-position":"center center","background-size":"auto","background-attachment":"scroll","background-type":"","background-media":"","overlay-type":"","overlay-color":"","overlay-opacity":"","overlay-gradient":""}},"footnotes":""},"class_list":["post-522","page","type-page","status-publish","hentry"],"_links":{"self":[{"href":"https:\/\/verrieresenlumiere.fr\/index.php\/wp-json\/wp\/v2\/pages\/522","targetHints":{"allow":["GET"]}}],"collection":[{"href":"https:\/\/verrieresenlumiere.fr\/index.php\/wp-json\/wp\/v2\/pages"}],"about":[{"href":"https:\/\/verrieresenlumiere.fr\/index.php\/wp-json\/wp\/v2\/types\/page"}],"author":[{"embeddable":true,"href":"https:\/\/verrieresenlumiere.fr\/index.php\/wp-json\/wp\/v2\/users\/1"}],"replies":[{"embeddable":true,"href":"https:\/\/verrieresenlumiere.fr\/index.php\/wp-json\/wp\/v2\/comments?post=522"}],"version-history":[{"count":4,"href":"https:\/\/verrieresenlumiere.fr\/index.php\/wp-json\/wp\/v2\/pages\/522\/revisions"}],"predecessor-version":[{"id":545,"href":"https:\/\/verrieresenlumiere.fr\/index.php\/wp-json\/wp\/v2\/pages\/522\/revisions\/545"}],"wp:attachment":[{"href":"https:\/\/verrieresenlumiere.fr\/index.php\/wp-json\/wp\/v2\/media?parent=522"}],"curies":[{"name":"wp","href":"https:\/\/api.w.org\/{rel}","templated":true}]}}